{"id":35,"date":"2024-11-03T15:34:15","date_gmt":"2024-11-03T13:34:15","guid":{"rendered":"https:\/\/www.atlastone.ro\/wordpress\/?page_id=35"},"modified":"2024-11-08T22:59:41","modified_gmt":"2024-11-08T20:59:41","slug":"services","status":"publish","type":"page","link":"https:\/\/www.atlastone.ro\/?page_id=35","title":{"rendered":"Servicii"},"content":{"rendered":"\n<div style=\"height:var(--wp--preset--spacing--50)\" aria-hidden=\"true\" class=\"wp-block-spacer\"><\/div>\n\n\n\n<div class=\"wp-block-group alignwide\"><div class=\"wp-block-group__inner-container is-layout-constrained wp-block-group-is-layout-constrained\">\n<h1 class=\"wp-block-heading alignwide has-xx-large-font-size\" style=\"line-height:1.2\">La Atlas Iron &amp; Stone SRL, oferim o gam\u0103 larg\u0103 de servicii \u00een domeniul construc\u021biilor:<\/h1>\n\n\n\n<p>\u2022 Lucr\u0103ri de terasamente \u0219i drumuri \u2022 Realiz\u0103m terasamente pentru diverse proiecte civile \u0219i industriale. \u2022 Construim \u0219i reabilit\u0103m drumuri, asigur\u00e2nd durabilitate \u0219i siguran\u021b\u0103. \u2022 S\u0103p\u0103turi pentru re\u021bele de canalizare, ap\u0103 \u0219i gaze \u2022 Execut\u0103m s\u0103p\u0103turi precise pentru instalarea re\u021belelor subterane. \u2022 Asigur\u0103m conformitatea cu normele \u0219i standardele \u00een vigoare. \u2022 Excav\u0103ri pentru construc\u021bii civile \u0219i industriale \u2022 Oferim servicii de excavare pentru funda\u021bii \u0219i infrastructuri. \u2022 Adapt\u0103m solu\u021biile noastre la specificul fiec\u0103rui proiect. \u2022 Lucr\u0103ri de decopertare \u2022 Preg\u0103tim terenurile pentru construc\u021bie prin \u00eendep\u0103rtarea stratului vegetal \u0219i a materialelor nedorite. \u2022 Extrac\u021bie a nisipului \u0219i a balastului \u2022 Furniz\u0103m materiale de construc\u021bie de calitate superioar\u0103. \u2022 Oper\u0103m cu responsabilitate fa\u021b\u0103 de mediu \u0219i \u00een conformitate cu reglement\u0103rile legale.<\/p>\n<\/div><\/div>\n\n\n\n<div class=\"wp-block-group alignfull\" style=\"margin-top:0;margin-bottom:0;padding-top:var(--wp--preset--spacing--50);padding-right:var(--wp--preset--spacing--50);padding-bottom:var(--wp--preset--spacing--50);padding-left:var(--wp--preset--spacing--50)\"><div class=\"wp-block-group__inner-container is-layout-constrained wp-container-core-group-is-layout-09821321 wp-block-group-is-layout-constrained\">\n<div class=\"wp-block-columns alignwide is-layout-flex wp-container-core-columns-is-layout-3edbca9c wp-block-columns-is-layout-flex\" style=\"margin-top:0;margin-bottom:0\">\n<div class=\"wp-block-column is-layout-flow wp-block-column-is-layout-flow\">\n\n\n<div style=\"height:var(--wp--preset--spacing--50)\" aria-hidden=\"true\" class=\"wp-block-spacer\"><\/div>\n\n\n\n\n\n<div style=\"height:var(--wp--preset--spacing--50)\" aria-hidden=\"true\" class=\"wp-block-spacer\"><\/div>\n\n\n<\/div>\n\n\n\n<div class=\"wp-block-column is-layout-flow wp-block-column-is-layout-flow\">\n<div style=\"height:var(--wp--preset--spacing--50)\" aria-hidden=\"true\" class=\"wp-block-spacer\"><\/div>\n\n\n\n\n\n<div style=\"height:var(--wp--preset--spacing--50)\" aria-hidden=\"true\" class=\"wp-block-spacer\"><\/div>\n\n\n\n\n\n<div style=\"height:var(--wp--preset--spacing--50)\" aria-hidden=\"true\" class=\"wp-block-spacer\"><\/div>\n\n\n<\/div>\n\n\n\n<div class=\"wp-block-column is-layout-flow wp-block-column-is-layout-flow\">\n\n\n<div style=\"height:var(--wp--preset--spacing--50)\" aria-hidden=\"true\" class=\"wp-block-spacer\"><\/div>\n\n\n\n\n\n<div style=\"height:var(--wp--preset--spacing--50)\" aria-hidden=\"true\" class=\"wp-block-spacer\"><\/div>\n\n\n<\/div>\n\n\n\n<div class=\"wp-block-column is-layout-flow wp-block-column-is-layout-flow\">\n<div style=\"height:var(--wp--preset--spacing--50)\" aria-hidden=\"true\" class=\"wp-block-spacer\"><\/div>\n\n\n\n\n\n<div style=\"height:var(--wp--preset--spacing--50)\" aria-hidden=\"true\" class=\"wp-block-spacer\"><\/div>\n\n\n\n\n\n<div style=\"height:var(--wp--preset--spacing--50)\" aria-hidden=\"true\" class=\"wp-block-spacer\"><\/div>\n\n\n<\/div>\n<\/div>\n<\/div><\/div>\n","protected":false},"excerpt":{"rendered":"<p>La Atlas Iron &amp; Stone SRL, oferim o gam\u0103 larg\u0103 de servicii \u00een domeniul construc\u021biilor: \u2022 Lucr\u0103ri de terasamente \u0219i drumuri \u2022 Realiz\u0103m terasamente pentru diverse<span class=\"excerpt-hellip\"> [\u2026]<\/span><\/p>\n","protected":false},"author":1,"featured_media":0,"parent":0,"menu_order":0,"comment_status":"closed","ping_status":"closed","template":"","meta":{"footnotes":""},"class_list":["post-35","page","type-page","status-publish","hentry"],"_links":{"self":[{"href":"https:\/\/www.atlastone.ro\/index.php?rest_route=\/wp\/v2\/pages\/35","targetHints":{"allow":["GET"]}}],"collection":[{"href":"https:\/\/www.atlastone.ro\/index.php?rest_route=\/wp\/v2\/pages"}],"about":[{"href":"https:\/\/www.atlastone.ro\/index.php?rest_route=\/wp\/v2\/types\/page"}],"author":[{"embeddable":true,"href":"https:\/\/www.atlastone.ro\/index.php?rest_route=\/wp\/v2\/users\/1"}],"replies":[{"embeddable":true,"href":"https:\/\/www.atlastone.ro\/index.php?rest_route=%2Fwp%2Fv2%2Fcomments&post=35"}],"version-history":[{"count":5,"href":"https:\/\/www.atlastone.ro\/index.php?rest_route=\/wp\/v2\/pages\/35\/revisions"}],"predecessor-version":[{"id":134,"href":"https:\/\/www.atlastone.ro\/index.php?rest_route=\/wp\/v2\/pages\/35\/revisions\/134"}],"wp:attachment":[{"href":"https:\/\/www.atlastone.ro\/index.php?rest_route=%2Fwp%2Fv2%2Fmedia&parent=35"}],"curies":[{"name":"wp","href":"https:\/\/api.w.org\/{rel}","templated":true}]}}